{"id":42282,"date":"2023-08-14T13:43:07","date_gmt":"2023-08-14T11:43:07","guid":{"rendered":"https:\/\/aids.at\/?page_id=42282"},"modified":"2024-08-19T14:44:58","modified_gmt":"2024-08-19T12:44:58","slug":"lustaufredenfortbildungen","status":"publish","type":"page","link":"https:\/\/aids.at\/fr\/lustaufredenfortbildungen\/","title":{"rendered":"LustAufRedenFortbildungen"},"content":{"rendered":"<div data-elementor-type=\"wp-page\" data-elementor-id=\"42282\" class=\"elementor elementor-42282\" data-elementor-post-type=\"page\">\n\t\t\t\t\t\t<section class=\"elementor-section elementor-top-section elementor-element elementor-element-4f73bb0 elementor-section-boxed elementor-section-height-default elementor-section-height-default\" data-id=\"4f73bb0\" data-element_type=\"section\" data-e-type=\"section\">\n\t\t\t\t\t\t<div class=\"elementor-container elementor-column-gap-default\">\n\t\t\t\t\t<div class=\"elementor-column elementor-col-100 elementor-top-column elementor-element elementor-element-81fc51f\" data-id=\"81fc51f\" data-element_type=\"column\" data-e-type=\"column\" data-settings=\"{&quot;background_background&quot;:&quot;classic&quot;}\">\n\t\t\t<div class=\"elementor-widget-wrap elementor-element-populated\">\n\t\t\t\t\t\t<div class=\"elementor-element elementor-element-6577f07 elementor-widget elementor-widget-heading\" data-id=\"6577f07\" data-element_type=\"widget\" data-e-type=\"widget\" data-widget_type=\"heading.default\">\n\t\t\t\t<div class=\"elementor-widget-container\">\n\t\t\t\t\t<h2 class=\"elementor-heading-title elementor-size-default\">FortBildugnen<\/h2>\t\t\t\t<\/div>\n\t\t\t\t<\/div>\n\t\t\t\t\t<\/div>\n\t\t<\/div>\n\t\t\t\t\t<\/div>\n\t\t<\/section>\n\t\t\t\t<section class=\"elementor-section elementor-top-section elementor-element elementor-element-70da650 elementor-section-boxed elementor-section-height-default elementor-section-height-default\" data-id=\"70da650\" data-element_type=\"section\" data-e-type=\"section\">\n\t\t\t\t\t\t<div class=\"elementor-container elementor-column-gap-default\">\n\t\t\t\t\t<div class=\"elementor-column elementor-col-25 elementor-top-column elementor-element elementor-element-68ca3b2\" data-id=\"68ca3b2\" data-element_type=\"column\" data-e-type=\"column\">\n\t\t\t<div class=\"elementor-widget-wrap elementor-element-populated\">\n\t\t\t\t\t\t<div class=\"elementor-element elementor-element-5be10ae elementor-widget elementor-widget-heading\" data-id=\"5be10ae\" data-element_type=\"widget\" data-e-type=\"widget\" data-widget_type=\"heading.default\">\n\t\t\t\t<div class=\"elementor-widget-container\">\n\t\t\t\t\t<h4 class=\"elementor-heading-title elementor-size-default\">Update F\u00fcr Dermatolog*innen 11. Okt 24<\/h4>\t\t\t\t<\/div>\n\t\t\t\t<\/div>\n\t\t\t\t\t<\/div>\n\t\t<\/div>\n\t\t\t\t<div class=\"elementor-column elementor-col-25 elementor-top-column elementor-element elementor-element-262e99a\" data-id=\"262e99a\" data-element_type=\"column\" data-e-type=\"column\">\n\t\t\t<div class=\"elementor-widget-wrap elementor-element-populated\">\n\t\t\t\t\t\t<div class=\"elementor-element elementor-element-609ef6f elementor-widget elementor-widget-heading\" data-id=\"609ef6f\" data-element_type=\"widget\" data-e-type=\"widget\" data-widget_type=\"heading.default\">\n\t\t\t\t<div class=\"elementor-widget-container\">\n\t\t\t\t\t<h4 class=\"elementor-heading-title elementor-size-default\">Fortbildung F\u00fcr Gyn\u00e4kolog*innen 7. dez 23<\/h4>\t\t\t\t<\/div>\n\t\t\t\t<\/div>\n\t\t\t\t\t<\/div>\n\t\t<\/div>\n\t\t\t\t<div class=\"elementor-column elementor-col-25 elementor-top-column elementor-element elementor-element-564b112\" data-id=\"564b112\" data-element_type=\"column\" data-e-type=\"column\">\n\t\t\t<div class=\"elementor-widget-wrap elementor-element-populated\">\n\t\t\t\t\t\t<div class=\"elementor-element elementor-element-08c2129 elementor-widget elementor-widget-heading\" data-id=\"08c2129\" data-element_type=\"widget\" data-e-type=\"widget\" data-widget_type=\"heading.default\">\n\t\t\t\t<div class=\"elementor-widget-container\">\n\t\t\t\t\t<h4 class=\"elementor-heading-title elementor-size-default\">Fachkonferenz 1. Dezember<\/h4>\t\t\t\t<\/div>\n\t\t\t\t<\/div>\n\t\t\t\t\t<\/div>\n\t\t<\/div>\n\t\t\t\t<div class=\"elementor-column elementor-col-25 elementor-top-column elementor-element elementor-element-b60c561\" data-id=\"b60c561\" data-element_type=\"column\" data-e-type=\"column\">\n\t\t\t<div class=\"elementor-widget-wrap\">\n\t\t\t\t\t\t\t<\/div>\n\t\t<\/div>\n\t\t\t\t\t<\/div>\n\t\t<\/section>\n\t\t\t\t<section class=\"elementor-section elementor-top-section elementor-element elementor-element-d0b0bc6 elementor-section-boxed elementor-section-height-default elementor-section-height-default\" data-id=\"d0b0bc6\" data-element_type=\"section\" data-e-type=\"section\">\n\t\t\t\t\t\t<div class=\"elementor-container elementor-column-gap-default\">\n\t\t\t\t\t<div class=\"elementor-column elementor-col-25 elementor-top-column elementor-element elementor-element-6ca893c\" data-id=\"6ca893c\" data-element_type=\"column\" data-e-type=\"column\">\n\t\t\t<div class=\"elementor-widget-wrap elementor-element-populated\">\n\t\t\t\t\t\t<div class=\"elementor-element elementor-element-8a06e7f elementor-widget elementor-widget-text-editor\" data-id=\"8a06e7f\" data-element_type=\"widget\" data-e-type=\"widget\" data-widget_type=\"text-editor.default\">\n\t\t\t\t<div class=\"elementor-widget-container\">\n\t\t\t\t\t\t\t\t\t<p>In Kooperation mit der \u00c4rztekammer f\u00fcr Wien laden die Aids Hilfe Wien und die AIDS-Hilfen \u00d6sterreichs unter dem Titel Lust auf Reden. Gemeinsam f\u00fcr sexuelle Gesundheit!<br \/>zu einer DFP-Fortbildung f\u00fcr Dermatolog*innen ein, die Teil einer vom Dachverband der<br \/>\u00f6sterreichischen Sozialversicherungstr\u00e4ger unterst\u00fctzten Informationskampagne ist.<\/p><p>\u00a0<\/p><p>\u00a0<\/p><p>Vortragender:<br \/><strong>DR. MICHAEL SKOLL<\/strong><\/p><p>Niedergelassener Dermatologe und HIV- und STI-Spezialist, Vorstandsmitglied der \u00d6GSTD und Mitglied der \u00d6sterreichischen AIDS Gesellschaft (\u00d6AG)<\/p><p><strong>FR, 11. OKTOBER 2024 \u2013 16:00 bis 18:30 Uhr<\/strong><\/p><p><strong>WEBINAR\u00a0\u2013 via Zoom<\/strong> =&gt; wird nach Anmeldung per Mail bekannt gegeben<\/p><p>ANMELDUNG\u00a0\u2013\u00a0<a href=\"mailto:reden@aids-hilfe-wien.at\">reden@aids-hilfe-wien.at<\/a><\/p><p>Die Fortbildung ist mit 3 medizinischen DFP-Punkten approbiert.<\/p><p>\u00a0<\/p><p><strong>INHALTE<\/strong><br \/>Seit \u00fcber 20 Jahren fordert die Weltgesundheitsorganisation, dass \u00fcber sexuelle Gesundheit als Teil der allgemeinen Gesundheit geredet werden soll. Im Jahr 2024 sehen wir, dass das Reden \u00fcber sexuelle Gesundheit noch immer ein Tabu in unserer Gesellschaft darstellt und wenig niederschwellige Informationen und Angebote zu finden sind. <br \/>Sexuell \u00fcbertragbare Infektionen (STI) galten lange Zeit als verschwunden und sind seit einigen Jahren auf dem Vormarsch. Daher bietet die Aids Hilfe Wien gemeinsam mit den AIDS-Hilfen \u00d6sterreichs ein Update zu STI an. <br \/>Im Fokus stehen Symptomatik, Diagnostik und aktuelle Behandlungsempfehlungen zu HIV, Hepatitis A, B und C, Syphilis, Chlamydien, Gonorrhoe und HPV<\/p>\t\t\t\t\t\t\t\t<\/div>\n\t\t\t\t<\/div>\n\t\t\t\t\t<\/div>\n\t\t<\/div>\n\t\t\t\t<div class=\"elementor-column elementor-col-25 elementor-top-column elementor-element elementor-element-e7ce3eb\" data-id=\"e7ce3eb\" data-element_type=\"column\" data-e-type=\"column\">\n\t\t\t<div class=\"elementor-widget-wrap elementor-element-populated\">\n\t\t\t\t\t\t<div class=\"elementor-element elementor-element-e5dc855 elementor-widget elementor-widget-text-editor\" data-id=\"e5dc855\" data-element_type=\"widget\" data-e-type=\"widget\" data-widget_type=\"text-editor.default\">\n\t\t\t\t<div class=\"elementor-widget-container\">\n\t\t\t\t\t\t\t\t\t<p>In Kooperation mit der \u00c4rztekammer f\u00fcr Wien, der \u00d6AG, der \u00d6GN\u00c4-HIV und der \u00d6GSTD l\u00e4dt<br \/>die Aids Hilfe Wien unter dem Titel Lust auf Reden. Gemeinsam f\u00fcr sexuelle Gesundheit!<br \/>zu einer DFP-Fortbildung f\u00fcr Gyn\u00e4kolog*innen ein, die Teil einer Informationskampagne<br \/>ist. Unterst\u00fctzt wird die Kampagne vom Dachverband der \u00f6sterreichischen Sozialversicherungstr\u00e4ger.<\/p><p><strong>Vortragende:<\/strong><br \/><strong>DR. MICHAEL SKOLL<\/strong><br \/>Niedergelassener Dermatologe und HIV-Spezialist<br \/>Vorstandsmitglied der \u00d6sterreichischen Gesellschaft f\u00fcr Sexually Transmitted Diseases und<br \/>dermatologische Mikrobiologie (\u00d6GSTD)<br \/><strong>DR.IN MIRIJAM HALL<\/strong><br \/>Assistenz\u00e4rztin der Gyn\u00e4kologie und Geburtshilfe, Klinik Ottakring<br \/>Vorsitzende der Aids Hilfe Wien<\/p><p><strong>7. DEZEMBER 2023 \u2013 Do, 18:00 bis 21:00 Uhr<\/strong><br \/><strong>Webinar <\/strong>via Zoom<br \/><strong>ANMELDUNG<\/strong> \u2013 <a href=\"mailto:reden@aids-hilfe-wien.at\">reden@aids-hilfe-wien.at<\/a><\/p><p><strong>INHALTE<\/strong><br \/>Seit \u00fcber 20 Jahren fordert die Weltgesundheitsorganisation, dass \u00fcber sexuelle Gesundheit<br \/>als Teil der allgemeinen Gesundheit geredet werden soll. Im Jahr 2022 sehen wir, dass<br \/>das Reden \u00fcber sexuelle Gesundheit noch immer ein Tabu in unserer Gesellschaft darstellt<br \/>und wenig niederschwellige Informationen und Angebote zu finden sind. In dieser Fortbildung<br \/>sollen folgende Schwerpunkte thematisiert werden:<br \/>\u2022 Welche sexuell \u00fcbertragbaren Infektionen (STI) gibt es in \u00d6sterreich?<br \/>\u2022 Welche Symptomatik tritt auf und welche M\u00f6glichkeiten der Diagnostik und Behandlung<br \/>dieser STI gibt es?<br \/>\u2022 Wie k\u00f6nnen Sie Ihren Patient*innen signalisieren, dass Sie f\u00fcr das Thema sexuelle Gesundheit<br \/>offen sind?<br \/>\u2022 Was soll aus gyn\u00e4kologischer Sicht bei einem Gespr\u00e4ch \u00fcber sexuelle Gesundheit mit<br \/>Patient*innen beachtet werden und wohin k\u00f6nnen Sie weiterverweisen?<\/p><p><strong>Die Fortbildung ist mit 4 DFP-Punkten approbiert.<\/strong><\/p>\t\t\t\t\t\t\t\t<\/div>\n\t\t\t\t<\/div>\n\t\t\t\t\t<\/div>\n\t\t<\/div>\n\t\t\t\t<div class=\"elementor-column elementor-col-25 elementor-top-column elementor-element elementor-element-91927ae\" data-id=\"91927ae\" data-element_type=\"column\" data-e-type=\"column\">\n\t\t\t<div class=\"elementor-widget-wrap elementor-element-populated\">\n\t\t\t\t\t\t<div class=\"elementor-element elementor-element-5c9032e elementor-align-left elementor-widget__width-auto elementor-widget elementor-widget-button\" data-id=\"5c9032e\" data-element_type=\"widget\" data-e-type=\"widget\" data-widget_type=\"button.default\">\n\t\t\t\t<div class=\"elementor-widget-container\">\n\t\t\t\t\t\t\t\t\t<div class=\"elementor-button-wrapper\">\n\t\t\t\t\t<a class=\"elementor-button elementor-button-link elementor-size-sm\" href=\"https:\/\/aids.at\/fr\/fachtagung-1-dezember-2023\/\">\n\t\t\t\t\t\t<span class=\"elementor-button-content-wrapper\">\n\t\t\t\t\t\t\t\t\t<span class=\"elementor-button-text\">Zur Fachtagung 1. Dez 23<\/span>\n\t\t\t\t\t<\/span>\n\t\t\t\t\t<\/a>\n\t\t\t\t<\/div>\n\t\t\t\t\t\t\t\t<\/div>\n\t\t\t\t<\/div>\n\t\t\t\t\t<\/div>\n\t\t<\/div>\n\t\t\t\t<div class=\"elementor-column elementor-col-25 elementor-top-column elementor-element elementor-element-7d0fd41\" data-id=\"7d0fd41\" data-element_type=\"column\" data-e-type=\"column\">\n\t\t\t<div class=\"elementor-widget-wrap\">\n\t\t\t\t\t\t\t<\/div>\n\t\t<\/div>\n\t\t\t\t\t<\/div>\n\t\t<\/section>\n\t\t\t\t<section class=\"elementor-section elementor-top-section elementor-element elementor-element-ad1a59b elementor-section-boxed elementor-section-height-default elementor-section-height-default\" data-id=\"ad1a59b\" data-element_type=\"section\" data-e-type=\"section\">\n\t\t\t\t\t\t<div class=\"elementor-container elementor-column-gap-default\">\n\t\t\t\t\t<div class=\"elementor-column elementor-col-25 elementor-top-column elementor-element elementor-element-209bbcd\" data-id=\"209bbcd\" data-element_type=\"column\" data-e-type=\"column\">\n\t\t\t<div class=\"elementor-widget-wrap\">\n\t\t\t\t\t\t\t<\/div>\n\t\t<\/div>\n\t\t\t\t<div class=\"elementor-column elementor-col-25 elementor-top-column elementor-element elementor-element-767f050\" data-id=\"767f050\" data-element_type=\"column\" data-e-type=\"column\">\n\t\t\t<div class=\"elementor-widget-wrap\">\n\t\t\t\t\t\t\t<\/div>\n\t\t<\/div>\n\t\t\t\t<div class=\"elementor-column elementor-col-25 elementor-top-column elementor-element elementor-element-79c25f0\" data-id=\"79c25f0\" data-element_type=\"column\" data-e-type=\"column\">\n\t\t\t<div class=\"elementor-widget-wrap\">\n\t\t\t\t\t\t\t<\/div>\n\t\t<\/div>\n\t\t\t\t<div class=\"elementor-column elementor-col-25 elementor-top-column elementor-element elementor-element-6915683\" data-id=\"6915683\" data-element_type=\"column\" data-e-type=\"column\">\n\t\t\t<div class=\"elementor-widget-wrap\">\n\t\t\t\t\t\t\t<\/div>\n\t\t<\/div>\n\t\t\t\t\t<\/div>\n\t\t<\/section>\n\t\t\t\t<section class=\"elementor-section elementor-top-section elementor-element elementor-element-ab64340 elementor-section-boxed elementor-section-height-default elementor-section-height-default\" data-id=\"ab64340\" data-element_type=\"section\" data-e-type=\"section\">\n\t\t\t\t\t\t<div class=\"elementor-container elementor-column-gap-default\">\n\t\t\t\t\t<div class=\"elementor-column elementor-col-100 elementor-top-column elementor-element elementor-element-907b36b\" data-id=\"907b36b\" data-element_type=\"column\" data-e-type=\"column\">\n\t\t\t<div class=\"elementor-widget-wrap elementor-element-populated\">\n\t\t\t\t\t\t<div class=\"elementor-element elementor-element-e5e99fe elementor-widget elementor-widget-text-editor\" data-id=\"e5e99fe\" data-element_type=\"widget\" data-e-type=\"widget\" data-widget_type=\"text-editor.default\">\n\t\t\t\t<div class=\"elementor-widget-container\">\n\t\t\t\t\t\t\t\t\t<p>La campagne <a href=\"https:\/\/aids.at\/fr\/lustaufreden\/\">&#8222;Lust auf Reden. Gemeinsam f\u00fcr Sexuelle Gesundheit&#8220; <\/a>wird vom <a href=\"https:\/\/www.sozialversicherung.at\/cdscontent\/?contentid=10007.821628&amp;portal=svportal\">Dachverband der Sozialversicherungstr\u00e4ger<\/a> unterst\u00fctzt.\u00a0<\/p>\t\t\t\t\t\t\t\t<\/div>\n\t\t\t\t<\/div>\n\t\t\t\t\t<\/div>\n\t\t<\/div>\n\t\t\t\t\t<\/div>\n\t\t<\/section>\n\t\t\t\t<\/div>","protected":false},"excerpt":{"rendered":"<p>FortBildugnen Update F\u00fcr Dermatolog*innen 11. Okt 24 Fortbildung F\u00fcr Gyn\u00e4kolog*innen 7. dez 23 Fachkonferenz 1. Dezember In Kooperation mit der \u00c4rztekammer f\u00fcr Wien laden die Aids Hilfe Wien und die AIDS-Hilfen \u00d6sterreichs unter dem Titel Lust auf Reden. Gemeinsam f\u00fcr sexuelle Gesundheit!zu einer DFP-Fortbildung f\u00fcr Dermatolog*innen ein, die Teil einer vom Dachverband der\u00f6sterreichischen Sozialversicherungstr\u00e4ger unterst\u00fctzten [&hellip;]<\/p>\n","protected":false},"author":2,"featured_media":0,"parent":0,"menu_order":0,"comment_status":"closed","ping_status":"closed","template":"","meta":{"_acf_changed":false,"footnotes":""},"class_list":["post-42282","page","type-page","status-publish","hentry"],"acf":[],"_links":{"self":[{"href":"https:\/\/aids.at\/fr\/wp-json\/wp\/v2\/pages\/42282","targetHints":{"allow":["GET"]}}],"collection":[{"href":"https:\/\/aids.at\/fr\/wp-json\/wp\/v2\/pages"}],"about":[{"href":"https:\/\/aids.at\/fr\/wp-json\/wp\/v2\/types\/page"}],"author":[{"embeddable":true,"href":"https:\/\/aids.at\/fr\/wp-json\/wp\/v2\/users\/2"}],"replies":[{"embeddable":true,"href":"https:\/\/aids.at\/fr\/wp-json\/wp\/v2\/comments?post=42282"}],"version-history":[{"count":28,"href":"https:\/\/aids.at\/fr\/wp-json\/wp\/v2\/pages\/42282\/revisions"}],"predecessor-version":[{"id":58105,"href":"https:\/\/aids.at\/fr\/wp-json\/wp\/v2\/pages\/42282\/revisions\/58105"}],"wp:attachment":[{"href":"https:\/\/aids.at\/fr\/wp-json\/wp\/v2\/media?parent=42282"}],"curies":[{"name":"wp","href":"https:\/\/api.w.org\/{rel}","templated":true}]}}